{"id":1256,"date":"2013-06-27T08:58:49","date_gmt":"2013-06-27T06:58:49","guid":{"rendered":"http:\/\/www.ff-poettelsdorf.at\/site\/?page_id=1256"},"modified":"2016-09-28T08:33:46","modified_gmt":"2016-09-28T06:33:46","slug":"dienstgrade","status":"publish","type":"page","link":"https:\/\/www.ff-poettelsdorf.at\/site\/team\/dienstgrade\/","title":{"rendered":"Dienstgrade"},"content":{"rendered":"<p><span style=\"font-size: x-small;\"><em>Quelle: Dienstanweisung 142 vom 1. J\u00e4nner 2003, Landesfeuerwehrverband Burgenland<\/em><\/span><\/p>\n<p>Die folgenden dargestellten Dienstgrade und Bef\u00f6rderungsvoraussetzungen sind nur jene, die bei der Feuerwehr P\u00f6ttelsdorf Verwendung finden k\u00f6nnen. F\u00fcr eine komplette \u00dcbersicht der Dienstgrade im Feuerwehrwesen in \u00d6sterreich <a href=\"https:\/\/de.wikipedia.org\/wiki\/Dienstgrade_der_Feuerwehr_in_%C3%96sterreich\" target=\"_blank\">klicken Sie bitte hier<\/a>.<\/p>\n<p>&nbsp;<\/p>\n<p style=\"text-align: center;\"><img loading=\"lazy\" decoding=\"async\" class=\"size-full wp-image-1275 aligncenter\" src=\"https:\/\/www.ff-poettelsdorf.at\/site\/wp-content\/uploads\/2013\/06\/PFM.jpg\" alt=\"PFM\" width=\"100\" height=\"100\" \/><\/p>\n<p style=\"text-align: center;\"><strong>Probefeuerwehrmann (PFM)<\/strong><\/p>\n<p style=\"text-align: center;\">Mindestalter 16 Jahre<\/p>\n<p style=\"text-align: center;\">aktives Feuerwehrmitglied<\/p>\n<p style=\"text-align: center;\"><img loading=\"lazy\" decoding=\"async\" class=\"aligncenter size-full wp-image-1266\" src=\"https:\/\/www.ff-poettelsdorf.at\/site\/wp-content\/uploads\/2013\/06\/FM.jpg\" alt=\"FM\" width=\"100\" height=\"100\" \/><\/p>\n<p style=\"text-align: center;\"><strong>Feuerwehrmann (FM)<\/strong><\/p>\n<p style=\"text-align: center;\">ein Jahr aktives Feuerwehrmitglied, TRMA1<\/p>\n<p style=\"text-align: center;\">aktives Feuerwehrmitglied, das zuvor Mitglied der Feuerwehrjugend war, abgeschlossene TRMA1<\/p>\n<p style=\"text-align: center;\">mindestens drei Jahre aktives Feuerwehrmitglied<\/p>\n<p style=\"text-align: center;\"><img loading=\"lazy\" decoding=\"async\" class=\"aligncenter size-full wp-image-1273\" src=\"https:\/\/www.ff-poettelsdorf.at\/site\/wp-content\/uploads\/2013\/06\/OFM.jpg\" alt=\"OFM\" width=\"100\" height=\"100\" \/><\/p>\n<p style=\"text-align: center;\"><strong>Oberfeuerwehrmann (OFM)<\/strong><\/p>\n<p style=\"text-align: center;\">sechs Jahre Feuerwehrmitglied, mindestens 3 Jahre FM, Ausbildung: TRMA2<\/p>\n<p style=\"text-align: center;\"><img loading=\"lazy\" decoding=\"async\" class=\"aligncenter size-full wp-image-1268\" src=\"https:\/\/www.ff-poettelsdorf.at\/site\/wp-content\/uploads\/2013\/06\/HFM.jpg\" alt=\"HFM\" width=\"100\" height=\"100\" \/><\/p>\n<p style=\"text-align: center;\"><strong>Hauptfeuerwehrmann (HFM)<\/strong><\/p>\n<p style=\"text-align: center;\">sechs Jahre OFM, Ausbildung: TRMA2<\/p>\n<p style=\"text-align: center;\"><img loading=\"lazy\" decoding=\"async\" class=\"aligncenter size-full wp-image-1270\" src=\"https:\/\/www.ff-poettelsdorf.at\/site\/wp-content\/uploads\/2013\/06\/LM.jpg\" alt=\"LM\" width=\"100\" height=\"100\" \/><\/p>\n<p style=\"text-align: center;\"><strong>L\u00f6schmeister (LM)<\/strong><\/p>\n<p style=\"text-align: center;\">sechs Dienstjahre als HFM, Ausbildung TRFA<\/p>\n<p style=\"text-align: center;\">drei Dienstjahre im Aktivstand, zus\u00e4tzl. Funktion und dazugeh\u00f6rige Lehrg\u00e4nge, f\u00fcr die der Dienstgrad LM vorgesehen ist plus TRFA<\/p>\n<p style=\"text-align: center;\"><img loading=\"lazy\" decoding=\"async\" class=\"aligncenter size-full wp-image-1274\" src=\"https:\/\/www.ff-poettelsdorf.at\/site\/wp-content\/uploads\/2013\/06\/OLM.jpg\" alt=\"OLM\" width=\"100\" height=\"100\" \/><\/p>\n<p style=\"text-align: center;\"><strong>Oberl\u00f6schmeister (OLM)<\/strong><\/p>\n<p style=\"text-align: center;\">f\u00fcnf Jahre Funktion<\/p>\n<p style=\"text-align: center;\">zehn Jahre LM ohne Funktion, Ausbildung wie GRKDT<\/p>\n<p style=\"text-align: center;\"><img loading=\"lazy\" decoding=\"async\" class=\"aligncenter size-full wp-image-1269\" src=\"https:\/\/www.ff-poettelsdorf.at\/site\/wp-content\/uploads\/2013\/06\/HLM.jpg\" alt=\"HLM\" width=\"100\" height=\"100\" \/><\/p>\n<p style=\"text-align: center;\"><strong>Hauptl\u00f6schmeister (HLM)<\/strong><\/p>\n<p style=\"text-align: center;\">f\u00fcnf Jahre OLM, zehn Jahre Funktion<\/p>\n<p style=\"text-align: center;\">zehn Jahre OLM ohne Funktion, Ausbildung wie GRKDT<\/p>\n<p style=\"text-align: center;\"><img loading=\"lazy\" decoding=\"async\" class=\"aligncenter size-full wp-image-1265\" src=\"https:\/\/www.ff-poettelsdorf.at\/site\/wp-content\/uploads\/2013\/06\/BM.jpg\" alt=\"BM\" width=\"100\" height=\"100\" \/><\/p>\n<p style=\"text-align: center;\"><strong>Brandmeister (BM)<\/strong><\/p>\n<p style=\"text-align: center;\">vier Dienstjahre im Aktivstand, ein Jahr LM, zus\u00e4tzl. Funktion und dazugeh\u00f6rige Lehrg\u00e4nge, f\u00fcr die der Dienstgrad BM vorgesehen ist plus FUE1<\/p>\n<p style=\"text-align: center;\"><img loading=\"lazy\" decoding=\"async\" class=\"aligncenter size-full wp-image-1272\" src=\"https:\/\/www.ff-poettelsdorf.at\/site\/wp-content\/uploads\/2013\/06\/OBM.jpg\" alt=\"OBM\" width=\"100\" height=\"100\" \/><\/p>\n<p style=\"text-align: center;\"><strong>Oberbrandmeister (OBM)<\/strong><\/p>\n<p style=\"text-align: center;\">vier Jahre Funktion (wie BM)<\/p>\n<p style=\"text-align: center;\"><img loading=\"lazy\" decoding=\"async\" class=\"aligncenter size-full wp-image-1267\" src=\"https:\/\/www.ff-poettelsdorf.at\/site\/wp-content\/uploads\/2013\/06\/HBM.jpg\" alt=\"HBM\" width=\"100\" height=\"100\" \/><\/p>\n<p style=\"text-align: center;\"><strong>Hauptbrandmeister (HBM)<\/strong><\/p>\n<p style=\"text-align: center;\">vier Jahre OBM, acht Jahre Funktion (wie BM)<\/p>\n<p style=\"text-align: center;\"><img loading=\"lazy\" decoding=\"async\" class=\"aligncenter size-full wp-image-1264\" src=\"https:\/\/www.ff-poettelsdorf.at\/site\/wp-content\/uploads\/2013\/06\/BI.jpg\" alt=\"BI\" width=\"100\" height=\"100\" \/><\/p>\n<p style=\"text-align: center;\"><strong>Brandinspektor (BI)<\/strong><\/p>\n<p style=\"text-align: center;\">Feuerwehrkommandantstellvertreter, vier Jahre aktives Feuerwehrmitglied, ein Jahr LM, Ausbildung: FUE2, ABIDF<\/p>\n<p style=\"text-align: center;\"><img loading=\"lazy\" decoding=\"async\" class=\"aligncenter size-full wp-image-1271\" src=\"https:\/\/www.ff-poettelsdorf.at\/site\/wp-content\/uploads\/2013\/06\/OBI.jpg\" alt=\"OBI\" width=\"100\" height=\"100\" \/><\/p>\n<p style=\"text-align: center;\"><strong>Oberbrandinspektor (OBI)<\/strong><\/p>\n<p style=\"text-align: center;\">Feuerwehrkommandant, vier Jahre aktives Feuerwehrmitglied, ein Jahr LM, Ausbildung: FUE2, ABIDF, KDT<\/p>\n<p style=\"text-align: center;\"><em><span style=\"font-size: x-small;\">\u00a0<\/span><\/em><\/p>\n","protected":false},"excerpt":{"rendered":"<p>Quelle: Dienstanweisung 142 vom 1. J\u00e4nner 2003, Landesfeuerwehrverband Burgenland Die folgenden dargestellten Dienstgrade und Bef\u00f6rderungsvoraussetzungen sind nur jene, die bei der Feuerwehr P\u00f6ttelsdorf Verwendung finden k\u00f6nnen. F\u00fcr eine komplette \u00dcbersicht der Dienstgrade im Feuerwehrwesen in \u00d6sterreich klicken Sie bitte hier. &hellip; <a href=\"https:\/\/www.ff-poettelsdorf.at\/site\/team\/dienstgrade\/\">Weiterlesen <span class=\"meta-nav\">&rarr;<\/span><\/a><\/p>\n","protected":false},"author":1,"featured_media":0,"parent":331,"menu_order":4,"comment_status":"closed","ping_status":"closed","template":"","meta":{"footnotes":"","_links_to":"","_links_to_target":""},"class_list":["post-1256","page","type-page","status-publish","hentry"],"_links":{"self":[{"href":"https:\/\/www.ff-poettelsdorf.at\/site\/wp-json\/wp\/v2\/pages\/1256","targetHints":{"allow":["GET"]}}],"collection":[{"href":"https:\/\/www.ff-poettelsdorf.at\/site\/wp-json\/wp\/v2\/pages"}],"about":[{"href":"https:\/\/www.ff-poettelsdorf.at\/site\/wp-json\/wp\/v2\/types\/page"}],"author":[{"embeddable":true,"href":"https:\/\/www.ff-poettelsdorf.at\/site\/wp-json\/wp\/v2\/users\/1"}],"replies":[{"embeddable":true,"href":"https:\/\/www.ff-poettelsdorf.at\/site\/wp-json\/wp\/v2\/comments?post=1256"}],"version-history":[{"count":18,"href":"https:\/\/www.ff-poettelsdorf.at\/site\/wp-json\/wp\/v2\/pages\/1256\/revisions"}],"predecessor-version":[{"id":1947,"href":"https:\/\/www.ff-poettelsdorf.at\/site\/wp-json\/wp\/v2\/pages\/1256\/revisions\/1947"}],"up":[{"embeddable":true,"href":"https:\/\/www.ff-poettelsdorf.at\/site\/wp-json\/wp\/v2\/pages\/331"}],"wp:attachment":[{"href":"https:\/\/www.ff-poettelsdorf.at\/site\/wp-json\/wp\/v2\/media?parent=1256"}],"curies":[{"name":"wp","href":"https:\/\/api.w.org\/{rel}","templated":true}]}}