{"id":1323,"date":"2013-06-27T16:11:38","date_gmt":"2013-06-27T14:11:38","guid":{"rendered":"http:\/\/www.ff-poettelsdorf.at\/site\/?page_id=1323"},"modified":"2016-09-28T08:22:49","modified_gmt":"2016-09-28T06:22:49","slug":"die-sirenensignale","status":"publish","type":"page","link":"https:\/\/www.ff-poettelsdorf.at\/site\/burgerservice\/die-sirenensignale\/","title":{"rendered":"Die Sirenensignale"},"content":{"rendered":"<p style=\"text-align: center;\"><img loading=\"lazy\" decoding=\"async\" class=\"aligncenter size-full wp-image-1329\" src=\"https:\/\/www.ff-poettelsdorf.at\/site\/wp-content\/uploads\/2013\/06\/Sig1.png\" alt=\"Sig1\" width=\"150\" height=\"50\" \/><\/p>\n<p style=\"text-align: center;\"><strong>Sirenenprobe<\/strong><\/p>\n<p style=\"text-align: center;\">jeden Samstag um 11:58 Uhr<\/p>\n<p style=\"text-align: center;\"><img loading=\"lazy\" decoding=\"async\" class=\"aligncenter size-full wp-image-1328\" src=\"https:\/\/www.ff-poettelsdorf.at\/site\/wp-content\/uploads\/2013\/06\/Sig2.png\" alt=\"Sig2\" width=\"150\" height=\"50\" \/><\/p>\n<p style=\"text-align: center;\"><strong>Alarm f\u00fcr die Feuerwehr!<\/strong><\/p>\n<p style=\"text-align: center;\">Alle verf\u00fcgbaren Feuerwehrmitglieder r\u00fccken ins Feuerwehrhaus ein.<\/p>\n<p style=\"text-align: center;\"><img loading=\"lazy\" decoding=\"async\" class=\"aligncenter size-full wp-image-1327\" src=\"https:\/\/www.ff-poettelsdorf.at\/site\/wp-content\/uploads\/2013\/06\/Sig3.png\" alt=\"Sig3\" width=\"150\" height=\"50\" \/><\/p>\n<p style=\"text-align: center;\"><strong>Zivilschutzsignal &#8222;Warnung&#8220;<\/strong><\/p>\n<p style=\"text-align: center;\">Radio- oder Fernsehger\u00e4te einschalten, Verhaltensmassnahmen befolgen!<\/p>\n<p style=\"text-align: center;\"><img loading=\"lazy\" decoding=\"async\" class=\"aligncenter size-full wp-image-1326\" src=\"https:\/\/www.ff-poettelsdorf.at\/site\/wp-content\/uploads\/2013\/06\/Sig4.png\" alt=\"Sig4\" width=\"150\" height=\"50\" \/><\/p>\n<p style=\"text-align: center;\"><strong>Zivilschutzsignal &#8222;Alarm&#8220;<\/strong><\/p>\n<p style=\"text-align: center;\">Unmittelbare Gefahr, Aufenthalte im Freien meiden, Fenster schlie\u00dfen, Radio einschalten<\/p>\n<p style=\"text-align: center;\"><img loading=\"lazy\" decoding=\"async\" class=\"aligncenter size-full wp-image-1325\" src=\"https:\/\/www.ff-poettelsdorf.at\/site\/wp-content\/uploads\/2013\/06\/Sig5.png\" alt=\"Sig5\" width=\"150\" height=\"50\" \/><\/p>\n<p style=\"text-align: center;\"><strong>Zivilschutzsignal &#8222;Entwarnung&#8220;<\/strong><\/p>\n<p style=\"text-align: center;\">Ende der Gefahr, m\u00f6gliche Einschr\u00e4nkungen werden \u00fcber Radio und TV verlautbart.<\/p>\n<p style=\"text-align: center;\"><em><strong>Jeden 1. Samstag im Oktober ist \u00f6sterreichweit Zivilschutz-Alarmierungsprobe!<\/strong><\/em><\/p>\n","protected":false},"excerpt":{"rendered":"<p>Sirenenprobe jeden Samstag um 11:58 Uhr Alarm f\u00fcr die Feuerwehr! Alle verf\u00fcgbaren Feuerwehrmitglieder r\u00fccken ins Feuerwehrhaus ein. Zivilschutzsignal &#8222;Warnung&#8220; Radio- oder Fernsehger\u00e4te einschalten, Verhaltensmassnahmen befolgen! Zivilschutzsignal &#8222;Alarm&#8220; Unmittelbare Gefahr, Aufenthalte im Freien meiden, Fenster schlie\u00dfen, Radio einschalten Zivilschutzsignal &#8222;Entwarnung&#8220; Ende &hellip; <a href=\"https:\/\/www.ff-poettelsdorf.at\/site\/burgerservice\/die-sirenensignale\/\">Weiterlesen <span class=\"meta-nav\">&rarr;<\/span><\/a><\/p>\n","protected":false},"author":1,"featured_media":0,"parent":1360,"menu_order":0,"comment_status":"closed","ping_status":"closed","template":"","meta":{"footnotes":"","_links_to":"","_links_to_target":""},"class_list":["post-1323","page","type-page","status-publish","hentry"],"_links":{"self":[{"href":"https:\/\/www.ff-poettelsdorf.at\/site\/wp-json\/wp\/v2\/pages\/1323","targetHints":{"allow":["GET"]}}],"collection":[{"href":"https:\/\/www.ff-poettelsdorf.at\/site\/wp-json\/wp\/v2\/pages"}],"about":[{"href":"https:\/\/www.ff-poettelsdorf.at\/site\/wp-json\/wp\/v2\/types\/page"}],"author":[{"embeddable":true,"href":"https:\/\/www.ff-poettelsdorf.at\/site\/wp-json\/wp\/v2\/users\/1"}],"replies":[{"embeddable":true,"href":"https:\/\/www.ff-poettelsdorf.at\/site\/wp-json\/wp\/v2\/comments?post=1323"}],"version-history":[{"count":6,"href":"https:\/\/www.ff-poettelsdorf.at\/site\/wp-json\/wp\/v2\/pages\/1323\/revisions"}],"predecessor-version":[{"id":1946,"href":"https:\/\/www.ff-poettelsdorf.at\/site\/wp-json\/wp\/v2\/pages\/1323\/revisions\/1946"}],"up":[{"embeddable":true,"href":"https:\/\/www.ff-poettelsdorf.at\/site\/wp-json\/wp\/v2\/pages\/1360"}],"wp:attachment":[{"href":"https:\/\/www.ff-poettelsdorf.at\/site\/wp-json\/wp\/v2\/media?parent=1323"}],"curies":[{"name":"wp","href":"https:\/\/api.w.org\/{rel}","templated":true}]}}