{"id":1371,"date":"2013-07-10T11:14:41","date_gmt":"2013-07-10T09:14:41","guid":{"rendered":"http:\/\/www.ff-poettelsdorf.at\/site\/?page_id=1371"},"modified":"2013-07-10T11:15:48","modified_gmt":"2013-07-10T09:15:48","slug":"umgang-mit-feuerloschern","status":"publish","type":"page","link":"https:\/\/www.ff-poettelsdorf.at\/site\/burgerservice\/umgang-mit-feuerloschern\/","title":{"rendered":"Der richtige Umgang mit Feuerl\u00f6schern"},"content":{"rendered":"<p>Beachten Sie, dass nach der \u00d6NORM F 1053 jeder Feuerl\u00f6scher alle zwei Jahre von einer Fachkraft \u00fcberpr\u00fcft werden muss.<\/p>\n<p><img loading=\"lazy\" decoding=\"async\" class=\"alignleft size-full wp-image-1370\" alt=\"Feuerl\u00f6scher\" src=\"https:\/\/www.ff-poettelsdorf.at\/site\/wp-content\/uploads\/2013\/07\/Feuerl\u00f6scher.jpg\" width=\"750\" height=\"803\" srcset=\"https:\/\/www.ff-poettelsdorf.at\/site\/wp-content\/uploads\/2013\/07\/Feuerl\u00f6scher.jpg 750w, https:\/\/www.ff-poettelsdorf.at\/site\/wp-content\/uploads\/2013\/07\/Feuerl\u00f6scher-280x300.jpg 280w\" sizes=\"auto, (max-width: 750px) 100vw, 750px\" \/><\/p>\n","protected":false},"excerpt":{"rendered":"<p>Beachten Sie, dass nach der \u00d6NORM F 1053 jeder Feuerl\u00f6scher alle zwei Jahre von einer Fachkraft \u00fcberpr\u00fcft werden muss.<\/p>\n","protected":false},"author":1,"featured_media":0,"parent":1360,"menu_order":5,"comment_status":"closed","ping_status":"closed","template":"","meta":{"footnotes":"","_links_to":"","_links_to_target":""},"class_list":["post-1371","page","type-page","status-publish","hentry"],"_links":{"self":[{"href":"https:\/\/www.ff-poettelsdorf.at\/site\/wp-json\/wp\/v2\/pages\/1371","targetHints":{"allow":["GET"]}}],"collection":[{"href":"https:\/\/www.ff-poettelsdorf.at\/site\/wp-json\/wp\/v2\/pages"}],"about":[{"href":"https:\/\/www.ff-poettelsdorf.at\/site\/wp-json\/wp\/v2\/types\/page"}],"author":[{"embeddable":true,"href":"https:\/\/www.ff-poettelsdorf.at\/site\/wp-json\/wp\/v2\/users\/1"}],"replies":[{"embeddable":true,"href":"https:\/\/www.ff-poettelsdorf.at\/site\/wp-json\/wp\/v2\/comments?post=1371"}],"version-history":[{"count":2,"href":"https:\/\/www.ff-poettelsdorf.at\/site\/wp-json\/wp\/v2\/pages\/1371\/revisions"}],"predecessor-version":[{"id":1373,"href":"https:\/\/www.ff-poettelsdorf.at\/site\/wp-json\/wp\/v2\/pages\/1371\/revisions\/1373"}],"up":[{"embeddable":true,"href":"https:\/\/www.ff-poettelsdorf.at\/site\/wp-json\/wp\/v2\/pages\/1360"}],"wp:attachment":[{"href":"https:\/\/www.ff-poettelsdorf.at\/site\/wp-json\/wp\/v2\/media?parent=1371"}],"curies":[{"name":"wp","href":"https:\/\/api.w.org\/{rel}","templated":true}]}}