{"id":431,"date":"2010-02-13T12:29:33","date_gmt":"2010-02-13T10:29:33","guid":{"rendered":"http:\/\/www.ff-poettelsdorf.at\/site\/?page_id=431"},"modified":"2013-06-27T15:36:41","modified_gmt":"2013-06-27T13:36:41","slug":"impressum","status":"publish","type":"page","link":"https:\/\/www.ff-poettelsdorf.at\/site\/kontakt\/impressum\/","title":{"rendered":"Impressum"},"content":{"rendered":"<p><span style=\"color: #000000;\"><strong>Kontakt<\/strong><\/span><\/p>\n<p>FF P\u00f6ttelsdorf<br \/>\nHauptstra\u00dfe 58<br \/>\n7023 P\u00f6ttelsdorf<\/p>\n<p>e-mail: <a href=\"mailto:webmaster@ff-poettelsdorf.at\">webmaster(at)ff-poettelsdorf.at<\/a><\/p>\n<p><strong>Technische Realisierung<\/strong><\/p>\n<p>Roland Pfleger<\/p>\n<p><span style=\"color: #000000;\"><strong>Rechtliches<\/strong><\/span><\/p>\n<p><span style=\"color: #000000;\">Die FF P\u00f6ttelsdorf hat\u00a0<\/span><span style=\"color: #000000;\">keinerlei Einfluss auf die Gestaltung und die Inhalte der verkn\u00fcpften Seiten anderer Anbieter. Sollten diese Seiten rechts- oder sittenwidrige Inhalte anbieten, so distanziert sich die FF P\u00f6ttelsdorf ausdr\u00fccklich von diesen Seiten.<\/span><\/p>\n<p>Die Rechte an allen Fotos liegen, sofern nicht anders angegeben, bei der FF P\u00f6ttelsdorf. Wiederverwendung bedarfen der ausdr\u00fccklichen Zustimmung der FF P\u00f6ttelsdorf.<\/p>\n","protected":false},"excerpt":{"rendered":"<p>Kontakt FF P\u00f6ttelsdorf Hauptstra\u00dfe 58 7023 P\u00f6ttelsdorf e-mail: webmaster(at)ff-poettelsdorf.at Technische Realisierung Roland Pfleger Rechtliches Die FF P\u00f6ttelsdorf hat\u00a0keinerlei Einfluss auf die Gestaltung und die Inhalte der verkn\u00fcpften Seiten anderer Anbieter. Sollten diese Seiten rechts- oder sittenwidrige Inhalte anbieten, so distanziert &hellip; <a href=\"https:\/\/www.ff-poettelsdorf.at\/site\/kontakt\/impressum\/\">Weiterlesen <span class=\"meta-nav\">&rarr;<\/span><\/a><\/p>\n","protected":false},"author":1,"featured_media":0,"parent":1315,"menu_order":1,"comment_status":"closed","ping_status":"closed","template":"","meta":{"footnotes":"","_links_to":"","_links_to_target":""},"class_list":["post-431","page","type-page","status-publish","hentry"],"_links":{"self":[{"href":"https:\/\/www.ff-poettelsdorf.at\/site\/wp-json\/wp\/v2\/pages\/431","targetHints":{"allow":["GET"]}}],"collection":[{"href":"https:\/\/www.ff-poettelsdorf.at\/site\/wp-json\/wp\/v2\/pages"}],"about":[{"href":"https:\/\/www.ff-poettelsdorf.at\/site\/wp-json\/wp\/v2\/types\/page"}],"author":[{"embeddable":true,"href":"https:\/\/www.ff-poettelsdorf.at\/site\/wp-json\/wp\/v2\/users\/1"}],"replies":[{"embeddable":true,"href":"https:\/\/www.ff-poettelsdorf.at\/site\/wp-json\/wp\/v2\/comments?post=431"}],"version-history":[{"count":10,"href":"https:\/\/www.ff-poettelsdorf.at\/site\/wp-json\/wp\/v2\/pages\/431\/revisions"}],"predecessor-version":[{"id":435,"href":"https:\/\/www.ff-poettelsdorf.at\/site\/wp-json\/wp\/v2\/pages\/431\/revisions\/435"}],"up":[{"embeddable":true,"href":"https:\/\/www.ff-poettelsdorf.at\/site\/wp-json\/wp\/v2\/pages\/1315"}],"wp:attachment":[{"href":"https:\/\/www.ff-poettelsdorf.at\/site\/wp-json\/wp\/v2\/media?parent=431"}],"curies":[{"name":"wp","href":"https:\/\/api.w.org\/{rel}","templated":true}]}}